{"id":6066,"date":"2015-07-21T05:31:07","date_gmt":"2015-07-21T04:31:07","guid":{"rendered":"https:\/\/remediiprosanatate.ro\/?page_id=6066"},"modified":"2015-08-05T12:44:33","modified_gmt":"2015-08-05T11:44:33","slug":"terapie-de-eliberare-emotionala","status":"publish","type":"page","link":"https:\/\/remediiprosanatate.ro\/ro_RO\/servicii\/consultanta-aromaterapie\/terapie-de-eliberare-emotionala\/","title":{"rendered":"Terapie de eliberare emotionala"},"content":{"rendered":"<p><strong>Protocol de Eliberare Emotionala cu uleiurile esentiale &#8211; Young Living essential oils<\/strong><\/p>\n<p>Esti afectat de clisee emotionale?<a href=\"https:\/\/remediiprosanatate.ro\/wp-content\/uploads\/2015\/07\/Young-Living.jpg\"><img loading=\"lazy\" class=\"alignright size-full wp-image-6121\" src=\"https:\/\/remediiprosanatate.ro\/wp-content\/uploads\/2015\/07\/Young-Living.jpg\" alt=\"Young Living Therapy\" width=\"257\" height=\"190\" \/><\/a><br \/>\nGasiti dificila iesirea dintr-o stare emotionala negativa?<br \/>\nSunteti atrasi in vartejul emotional al celor din jur?<br \/>\nRaspundeti in mod repetat in acelasi mod negativ unor situatii in ciuda intentiilor voastre de a proceda diferit?<br \/>\nEmotiile negative va par a scapa de sub control?<br \/>\nDaca emotia nu intentionezi sa o exprimi sau sa o interiorizezi, ce vei face cu ea?<br \/>\nPoate nici nu ai constientizat tiparul emotional dupa care reactionezi la factorii din exterior !<\/p>\n<p>O modalitate care functioneaza este puterea vindecatoare a Uleiurilor Esentiale .<\/p>\n<a href=\"https:\/\/remediiprosanatate.ro\/wp-content\/uploads\/2015\/07\/aromatherapy.jpg\"><img loading=\"lazy\" class=\" size-full wp-image-6115 alignright\" src=\"https:\/\/remediiprosanatate.ro\/wp-content\/uploads\/2015\/07\/aromatherapy.jpg\" alt=\"Aromaterapie\" width=\"216\" height=\"184\" \/><\/a>\n<p>Parfumul unui ulei esential poate influenta totul, de la starea emotionala pana la durata vietii!<br \/>\nAtunci cand inhalam parfumul unei flori sau al unui ulei esential, moleculele parfumului patrund in nari unde ajung la nivelul neuronilor olfactivi \u2013 a membranelor olfactive protejate de tesutul care \u201ccaptuseste\u201d nasul pe interior. Fiecare molecula de parfum isi gaseste locul asemenea pieselor de puzzle la nivelul lacasurilor specifice receptorilor celulelor care captusesc membrana denumita epiteliu olfactiv.<br \/>\nAtunci cand este stimulata de molecule olfactive, captuseala celulelor nervoase declanseaza impulsuri electrice catre bulbul olfactiv din creier. Mai departe, bulbul olfactiv transmite impulsurile catre centrul gustativ (unde este perceputa senzatia de gust), amigdala sau sistemul limbic (unde sunt stocate amintirile din plan afectiv), precum si la alte parti ale sistemului limbic situat la nivelul creierului. Intrucat sistemul limbic este conectat direct la acele parti componente ale creierului care controleaza ritmul cardiac, tensiunea, respiratia, memoria, nivelul de stres si echilibrul hormonal, uleiurile esentiale pot determina efecte profunde, de amploare, la nivel fiziologic si psihologic.<br \/>\nDatorita structurii moleculare minuscule a componentelor unui ulei esential(motiv pentru care sunt foarte aromate),o singura picatura de ulei esential poate acoperi fiecare celula a corpului uman cu 40.000 de molecule.Tinand cont de faptul ca e nevoie de numai o molecula pentru a deschide un receptor si a comunica cu ADN-ul pentru a-i altera functia celulara,efectul asupra organismului,creierului si emotiilor noastre este unul de profunzime.<br \/>\nUleiurile esentiale datorita,moleculelor foarte mici( sunt volatile si transdermale), aromei,chimiei<br \/>\nlor( foarte apropiate de celula umana) si a frecventei vibrationale inalte, ajuta la eliberarea cliseelor emotionale la nivel de creier, pana la nivel celular .Intrucat transfera frecventa vibationala inalta corpului ,sterg informatia implementata gresit,implementeaza programe noi si sanatoase la nivel celular,aduc la nivel constient emotiile reprimate sau ignorate,ne ajuta sa ne curatam de clisee ce ne pot controla viata!<\/p>\n<p>Cum se aplica uleiurile esentiale:<br \/>\nSchimbarile sunt adesea subtile,intrucat corpul e pregatit sa elibereze programarile in acelasi fel in care acestea s-au format,pe rand. De aceea e necesara aplicarea repetata a unul sau mai multor uleiuri pentru a elibera unul sau mai multe clisee emotionale.Trecerea de la energia negativa la cea pozitiva<br \/>\nface ca transformarea sa fie permanenta,insa asa cum afirma si Dr.Carolyn Mein,autoarea cartii \u201cEliberarea cliseelor emotionale cu uleiuri esentiale\u201d, este nevoie ca 70% din celulele corpului sa se transforme ,inainte ca o noua directie sa devina realitate.<br \/>\nAceasta explica de ce este necesara mai mult decat constientizare pentru schimbarea unui cliseu emotional.<br \/>\nIn timp ce intelegerea problemei e importanta, memoria celulara a corpului trebuie sa primeasca de asemenea mesajul,de aceea e necesara repetitia pentru eliberarea cliseelor emotionale.<br \/>\nProtocolul de eliberare emotionala cu kitul de uleiuri esentiale Feelings initiata de<\/p>\n<p>Gary Young fondatorul companiei Young Living impreuna cu echipa de cercetare a Institutului de Aromaterapie C.A.R.E din U.S<br \/>\npropune aplicarea a 6 sau mai multor uleiuri blend(amestec de mai multe uleiuri) de la caz la caz,pe puncte de acupunctura prin atingerea terapeutica si sustinerea clientului pana ce corpul este pregatit sa elibereze emotii reprimate la nivelul intregului corp . Aceasta terapie este neinvaziva , ritmul si numarul de sedinte variaza tinand cont de :<br \/>\n-constientizarea cliseului emotional<br \/>\n-recunoasterea problemei<br \/>\n-daca persoana este dispusa si pregatita pentru schimbare<br \/>\n-schimbarea cliseului energetic emotional<br \/>\nEste la latitudinea ta daca iti acorzi 7 saptamani sau 7 luni pentru a elibera un cliseu emotional!<br \/>\nGary Young recomanda aplicarea acestor uleiuri timp de 30 de zile, zi de zi!<br \/>\nUneori confruntarea cu anumite emotii traumatizante necesita mai mult timp poate pentru a fi procesate si acceptate .Fiecare din noi avem ritmul nostru si respectam acest spatiu de timp necesar.<\/p>\n<p>ULEIURILE CE FAC PARTE DIN PROTOCOLUL TERAPEUTIC:<br \/>\n<strong>FORGIVENESS<\/strong><\/p>\n<p><a href=\"https:\/\/remediiprosanatate.ro\/wp-content\/uploads\/2015\/07\/Forgiveness-Oil.jpg\"><img loading=\"lazy\" class=\"alignleft size-full wp-image-6122\" src=\"https:\/\/remediiprosanatate.ro\/wp-content\/uploads\/2015\/07\/Forgiveness-Oil.jpg\" alt=\"Forgiveness Oil\" width=\"59\" height=\"125\" \/><\/a>Forgiveness: Melissa (Melissa Officinalis), Geranium (Pelargonium Graveolens), Frankincense (Boswellia Carterii), Rosewood (Aniba Rosaeodora), Sandalwood (Santalum Album), Angelica (Angelica Archangelica), Lavender (Lavandula Angustifolia), Lemon (Citrus Limon), Jasmine (Jasminum Officinale), Roman chamomile (Chamaemelum Nobile), Bergamot (Citrus Aurantium Bergamia), Ylang Ylang (Canaga Odorata), Palmarosa (Cymbopogon Martini), Helichrysum (Helichrysum Italicum), si Rose (Rosa Damascena) \u00eentr-o baz\u0103 de ulei din semin\u021be de susan.<br \/>\nEnergetica uleiului:<br \/>\n\u201c Iertare\u201d contine un amestec sinergic de uleiuri esentiale calmante si revigorante,care stimuleaza capacitatea de a elimina amintirle negative si dincolo de aceasta,blocaje emotionale.Are frecvente inalte cea ce faciliteaza iertarea,ideea de a lasa ce a fost si de a merge mai departe.Nu putem creste decat atunci cand suntem capabili sa iertam si sa ne detasam.<\/p>\n<p>&nbsp;<\/p>\n<p><strong>HARMONY<\/strong><\/p>\n<p><a href=\"https:\/\/remediiprosanatate.ro\/wp-content\/uploads\/2015\/07\/Harmony-Oil.jpg\"><img loading=\"lazy\" class=\" size-full wp-image-6116 alignleft\" src=\"https:\/\/remediiprosanatate.ro\/wp-content\/uploads\/2015\/07\/Harmony-Oil.jpg\" alt=\"Harmony Oil\" width=\"59\" height=\"125\" \/><\/a>Harmony: Lavender (Lavandula angustifolia), sandalwood (Santalum album), ylang ylang (Cananga odorata), frankincense (Boswellia carteri), orange (Citrus aurantium), angelica (Angelica archangelica), geranium (Pelargonium graveolens), hyssop (Hyssopus officinalis), spruce (Picea mariana), Spanish sage (Salvia lavandulifolia), rosewood (Aniba rosaeodora), lemon (Citrus limon), jasmine (Jasminum officinale), Roman chamomile (Chamaemelum nobile), bergamot (Citrus bergamia), palmarosa (Cymbopogon martinii) \u0219i rose (Rosa damascena).<\/p>\n<p>Energetica uleiului:<br \/>\n\u201cArmonie\u201deste un amestec rafinat,alcatuit din 12 uleiuri esentiale,care promoveaza vindecarea fizica si emotionala prin echilibrarea armonioasa a centrilor de energie ai organismului,eficientizand astfel,fluxul energetic.Ajuta la reducerea stresului si creeaza un sentiment general de bine, dispand sentimentele de discordie.Este de asemenea inaltator si reconfortant pentru minte,creand o atitudine pozitiva.<\/p>\n<p>&nbsp;<\/p>\n<p><strong>INNER CHILD<\/strong><\/p>\n<p><a href=\"https:\/\/remediiprosanatate.ro\/wp-content\/uploads\/2015\/07\/Inner-Child-Oil.jpg\"><img loading=\"lazy\" class=\" size-full wp-image-6117 alignleft\" src=\"https:\/\/remediiprosanatate.ro\/wp-content\/uploads\/2015\/07\/Inner-Child-Oil.jpg\" alt=\"Inner Child Oil\" width=\"59\" height=\"125\" \/><\/a>Inner Child: Orange (Citrus aurantium), tangerine (Citrus nobilis), jasmine (Jasminum officinale), ylang ylang (Cananga odorata), spruce (Picea mariana), sandalwood (Santalum album), lemongrass (Cymbopogon flexuosus) \u0219i neroli (Citrus aurantium).<br \/>\nEnergetica uleiului:<br \/>\n\u201cCopilul interior\u201dconstituie o formula care poate stimula amintirile din copilarie.\u201dCand esti copil,<br \/>\ntoate lucrurile sunt posibile.Nu exista limitari\u201d afirma Gary Young.\u201dCand gasesti copilul interior,iti gasesti identitatea de sine.Copilul din tine este creativitatea ta\u201d. Atunci cand copilul a trait o trauma sau a experimentat un abuz,acesta se poate\u201d deconecta\u201d de identitatea sau fiinta sa interioara de copil.Aceasta deconectare se poate vedea si dupa ani de zile,manifestandu-se sub forma unei crize de varsta mijlocie:parfumul copilului din tine pote stimula reactia amintirilor,ajutand la reconectarea cu identitatea ta fundamentala.Aceasta este un pas esential sau o conditie esentiala pentru realizarea echilibrului emotional.<br \/>\n<strong>PRESENT TIME<\/strong><\/p>\n<p><a href=\"https:\/\/remediiprosanatate.ro\/wp-content\/uploads\/2015\/07\/Present-Time-Oil.jpg\"><img loading=\"lazy\" class=\"alignleft size-full wp-image-6118\" src=\"https:\/\/remediiprosanatate.ro\/wp-content\/uploads\/2015\/07\/Present-Time-Oil.jpg\" alt=\"Present Time Oil\" width=\"59\" height=\"125\" \/><\/a>Present Time: Neroli (Citrus aurantium), spruce (Picea mariana) and ylang ylang (Cananga odorata) \u00eentr-o baz\u0103 de ulei de migdale.<br \/>\nEnergetica uleiului:<br \/>\n\u201cPrezentul\u201d are un parfum tonic, care inspira sentimentul de \u201ca fi in momentul prezent\u201d. Cand traim<br \/>\nin trecut sau viitor,nu suntem productivi in momentul prezent si nu putem progresa decat prin eliberare emotionala, la timpul prezent.Retrairea trecutului poate avea pentru noi efecte nefavorabile.<br \/>\nMergem mai departe,doar cand existam in \u201caici si acum\u201d.<br \/>\n<strong>RELEASE<\/strong><\/p>\n<p><a href=\"https:\/\/remediiprosanatate.ro\/wp-content\/uploads\/2015\/07\/Release-Oil.jpg\"><img loading=\"lazy\" class=\"alignleft size-full wp-image-6119\" src=\"https:\/\/remediiprosanatate.ro\/wp-content\/uploads\/2015\/07\/Release-Oil.jpg\" alt=\"Release Oil\" width=\"59\" height=\"125\" \/><\/a>Release: Ylang ylang (Cananga odorata), lavandin (Lavandula x hybrida), geranium (Pelargonium graveolens), sandalwood (Santalum album) \u0219i blue tansy (Tanacetum annuum) \u00eentr-o baz\u0103 din ulei de m\u0103sline.<br \/>\nEnergetica uleiului:<br \/>\n\u201cEliberare spirituala\u201d sustine eliberarea de amintirile traumatizante din celulele hepatice.Medicina energetica spune ca energia provenita din manie si ura se stocheaza la nivelul ficatului.Emotiile negative se transmit prin sange,ajung in ficat pentru a fi curatate,iar toxinele emotionale pot ramane blocate.Ca urmare, ficatul devine adesea un loc de stocare a maniei,resentimentului,amaraciunii,urii,geloziei,invidiei si o gazda pentru sentimente distructive.<\/p>\n<p>&nbsp;<\/p>\n<p>&nbsp;<\/p>\n<p><strong>VALOR<\/strong><\/p>\n<p><a href=\"https:\/\/remediiprosanatate.ro\/wp-content\/uploads\/2015\/07\/Valor-Oil.jpg\"><img loading=\"lazy\" class=\"alignleft size-full wp-image-6120\" src=\"https:\/\/remediiprosanatate.ro\/wp-content\/uploads\/2015\/07\/Valor-Oil.jpg\" alt=\"Valor Oil\" width=\"59\" height=\"125\" \/><\/a>Valor: Spruce (Picea mariana), rosewood (Aniba rosaeodora), blue tansy (Tanacetum annuum) \u0219i frankincense (Boswellia carteri) \u00eentr-o baz\u0103 de ulei de migdale.<br \/>\nEnergetica uleiului:<br \/>\n\u201cCuraj\u201d este un amestec de uleiuri esentiale de valoare superioara,care lucreaza atat cu aspectele fizice si spirituale ale corpului,echilibreaza si egalizeaza energiile corpului,de aceea creste aportul de oxigen la nivelul glandei pineale,sediul facultatilor intuitive.Valor intareste resursele interioare,ajuta corpul sa-si refaca echilibrul si orientarea interioara,intareste sentimentul de forta si incredere in sine.<br \/>\nValor in combinatie cu uleiul Highest Potential sunt un \u201cantidot\u201d bun al gandirii limitate.<\/p>\n<p>Va invit in lumea aromelor rafinate, intr-o calatorie aromata ,unica in care aveti ocazia sa va intalniti cu sinele dumneavoastra la nivelul cel mai profund!<\/p>\n<p>Nota: kitul de uleiuri esentiale Feelings al gasiti la Young Living Essential Oils cu numarul de cod 3125 .<br \/>\nDaca iubiti uleiurile si considerati ca veti cumpara anual uleiuri Young Living puteti achizitiona uleiurile cu un discount de 24% daca va veti inscrie ca distribuitor. Id-ul meu de sponsor este 1633972,( www.youngliving.com ), become member si urmati pasii de inscriere.<\/p>\n<p>&nbsp;<\/p>\n<p>&nbsp;<\/p>\n<p><iframe loading=\"lazy\" width=\"1170\" height=\"658\" src=\"https:\/\/www.youtube.com\/embed\/vEnNkQJZRFI?feature=oembed&#038;wmode=opaque\" frameborder=\"0\" allowfullscreen><\/iframe><\/p>\n","protected":false},"excerpt":{"rendered":"<p><strong>Protocol de Eliberare Emotionala cu uleiurile esentiale &#8211; Young Living essential oils<\/strong><\/p>\n<p>Esti afectat de clisee emotionale?<a href=\"https:\/\/remediiprosanatate.ro\/wp-content\/uploads\/2015\/07\/Young-Living.jpg\"><img class=\"alignright siz...\n<\/p>\n","protected":false},"author":1,"featured_media":0,"parent":5698,"menu_order":0,"comment_status":"open","ping_status":"open","template":"","meta":[],"_links":{"self":[{"href":"https:\/\/remediiprosanatate.ro\/ro_RO\/wp-json\/wp\/v2\/pages\/6066"}],"collection":[{"href":"https:\/\/remediiprosanatate.ro\/ro_RO\/wp-json\/wp\/v2\/pages"}],"about":[{"href":"https:\/\/remediiprosanatate.ro\/ro_RO\/wp-json\/wp\/v2\/types\/page"}],"author":[{"embeddable":true,"href":"https:\/\/remediiprosanatate.ro\/ro_RO\/wp-json\/wp\/v2\/users\/1"}],"replies":[{"embeddable":true,"href":"https:\/\/remediiprosanatate.ro\/ro_RO\/wp-json\/wp\/v2\/comments?post=6066"}],"version-history":[{"count":7,"href":"https:\/\/remediiprosanatate.ro\/ro_RO\/wp-json\/wp\/v2\/pages\/6066\/revisions"}],"predecessor-version":[{"id":6128,"href":"https:\/\/remediiprosanatate.ro\/ro_RO\/wp-json\/wp\/v2\/pages\/6066\/revisions\/6128"}],"up":[{"embeddable":true,"href":"https:\/\/remediiprosanatate.ro\/ro_RO\/wp-json\/wp\/v2\/pages\/5698"}],"wp:attachment":[{"href":"https:\/\/remediiprosanatate.ro\/ro_RO\/wp-json\/wp\/v2\/media?parent=6066"}],"curies":[{"name":"wp","href":"https:\/\/api.w.org\/{rel}","templated":true}]}}