{"id":5726,"date":"2015-07-15T15:28:28","date_gmt":"2015-07-15T14:28:28","guid":{"rendered":"https:\/\/remediiprosanatate.ro\/?page_id=5726"},"modified":"2015-10-23T11:54:13","modified_gmt":"2015-10-23T10:54:13","slug":"reflexologie-si-presopunctura","status":"publish","type":"page","link":"https:\/\/remediiprosanatate.ro\/ro_RO\/servicii\/aroma-masaj\/reflexologie-si-presopunctura\/","title":{"rendered":"Reflexologie si Presopunctura"},"content":{"rendered":"<div class='fullwidth-section  ' >  <div class=\"fullwidth-bg\">\t<div class=\"container\"><div class='border-title '>\r\n\t\t\t\t  <h2>Reflexologie<\/h2>\r\n\t\t\t\t  <div class='ico-border'> <i class='ico-bg flower'><\/i> <\/div>\r\n\t\t\t\t  <span class='tag-line'><\/span>\r\n\t\t\t\t<\/div>\n<p>Principalul scop al reflexoterapiei consta in eliminarea toxinelor si in stimularea functiilor intregului organism. Talpa piciorului \u2013 una dintre zonele in care se afla cele mai multe puncte reflexe \u2013 este de fapt o harta a intregului corp. Creierul, ochii, urechile, glanda tiroida, plamanii, ficatul, stomacul, pancreasul, duodenul, rinichii, vezica urinara, colonul, ovarele \u2013 toate au cate un punct reflex corespondent in talpa. Reflexoterapeutii maseaza aceste puncte si astfel previn sau, dupa caz, trateaza diversele afectiuni ale acestor organe.<a href=\"https:\/\/remediiprosanatate.ro\/wp-content\/uploads\/2015\/07\/reflexoterapie.png\"><img loading=\"lazy\" class=\"alignright size-medium wp-image-6296\" src=\"https:\/\/remediiprosanatate.ro\/wp-content\/uploads\/2015\/07\/reflexoterapie-300x213.png\" alt=\"Reflexoterapie\" width=\"300\" height=\"213\" \/><\/a><\/p>\n<p>Este important de stiut ca reflexoterapia trateaza si cauzele bolilor, astfel incat acestea au mici sanse sa recidiveze. Iti surade deja ideea?<\/p>\n<p>Trebuie sa te avertizez ca primele sedinte de reflexoterapie sunt cam dureroase, exista chiar momente cand masajul ti se va parea de nesuportat. Expertii spun ca asta se intampla din cauza ca acum elimini toxinele pe care le-ai acumulat de-a lungul anilor. Dupa cateva sedinte insa, durerea va scadea in intensitate: acum te vor durea doar acele puncte reflexe care corespund organelor cu probleme. E posibil sa ai de-a face si cu ceva reactii adverse in timpul terapiei: poti avea ameteli, greata, stare de oboseala, febra, eruptii cutanate. Dar nu ai motiv de ingrijorare, aceste manifestari sunt normale in procesul de eliminare a toxinelor. Strange un pic din dinti pentru sanatatea ta!<\/p>\n<h4>\u00a0Trateaza\u00a0 celulita si prin reflexologie!<\/h4>\n<p>Reflexoterapiei i s-a dus vestea ca poate vindeca o lista tare lunga de afectiuni.\u00a0 Masarea punctelor reflexe care corespund glandelor suprarenale si hipofizei duce, in timp, la regenerarea pielii cu aspect de coaja de portocala.<\/p>\n<p>Trebuie sa mai stii ca, atunci cand suferi de o anumita boala si alegi sa mergi la reflexoterapeut, acesta nu iti va recomanda sa iti intrerupi medicamentatia. Atunci cand masajul va da rezultate, poti consulta medicul si acesta va pune capat tratamentului medicamentos.<\/p>\n<p>Exista cateva cazuri in care nu\u00a0 este permis sa apelam la reflexoterapie. Femeile insarcinate, persoanele cu hemoragii, cele care au rani la talpa piciorului sau au varice deschise nu pot beneficia de aceasta terapie. Specialistii recomanda ca, pe toata durata tratamentului, sa renuntam la vicii: adio cafea, tutun si alcool. De asemenea, terapia da rezulate mai rapide daca o combinam cu un regim alimentar sanatos.<\/p>\n<h4>Afectiuni tratate prin reflexoterapie<\/h4>\n<p>Stres, insomnie, depresie, reumatism, artrite, sciatica, nisip sau pietre la rinichi, impotenta, frigiditate, gastrite, ulcer, hemorozi, balonari, hipo si hipertensiune, astm, bronsite, rinite, sinuzite, litiaza biliara, probleme tiroidiene, reglarea menstruatiei, tulburari ale menopauzei, osteoporoza, obezitate, diabet.<\/p>\n<p>\u00a0<\/p>\n<div class='border-title '>\r\n\t\t\t\t  <h2>Presopunctura<\/h2>\r\n\t\t\t\t  <div class='ico-border'> <i class='ico-bg flower'><\/i> <\/div>\r\n\t\t\t\t  <span class='tag-line'><\/span>\r\n\t\t\t\t<\/div>\n<h4>Acupunctura (Masaj Chinezesc)<\/h4>\n<p style=\"text-align: left;\">O gama larga de masaje sunt folosite pentru a lucra asupra tesuturile moi ale corpului pentru a usura tensiuni ale muschilor, a \u00eencheieturilor sau a ale membrelor. Masajul Chinezesc poate reface echilibrul fluxului de energie, relaxarii si a armoniei \u00een \u00eentreg corpul. Beneficiile acupuncturii includ: \u00eembunatatirea calitatii somnului, ameliorarea flexibilitatii \u00eencheieturilor, optimizarea sistemului limfatic, sporirea sistemului imunitar,calmarea durerilor de cap, relaxarea muschilor si nu \u00een ultimul r\u00e2nd, \u00eembunatatirea memoriei si a frumusetii pielii.<\/p>\n<p>\u00a0<\/p>\n<h4>Cum functioneaza acupunctura?<\/h4>\n<p>O straveche filozofie chinezeasca spune ca acupunctura reface echilibrul dintre Yin si Yang prin eliberarea energiei noastre vitale sau qi (chi) care traverseaza toate canalele de sub piele (cunoscute si sub numele de meridiane). Pun\u00e2nd presiune pe anumite puncte (denumite si acupuncte)ale canalelor care s-au blocat, practicianul stimuleaza vindecarea si implicit restabileste echilibrul natural al corpului.<\/p>\n<p>Tehnicile de Acupuntura mai implica si elemente de masaj care \u00eembunatatesc alte atributii ale corpului cum ar fi: deblocarea eliberararii de hormoni (ca efect a stresului si diferitelor afectiuni ), ameliorarea circulatiei s\u00e2ngelui( a ritmului cardiac si a presiunii s\u00e2ngelui) si digestia (secretia sucului gastric).<\/p>\t<\/div>  <\/div><\/div>\n","protected":false},"excerpt":{"rendered":"<p>[dt_sc_fullwidth_section]<br \/> [dt_sc_h2_title title=\"Reflexologie\"]<\/p>\n<p>Principalul scop al reflexoterapiei consta in eliminarea toxinelor si in stimularea functiilor intregului organism. Talpa piciorului \u2013 una dintre zonele in care se afla ce&#8230;<\/p>\n","protected":false},"author":1,"featured_media":0,"parent":5703,"menu_order":0,"comment_status":"open","ping_status":"open","template":"","meta":[],"_links":{"self":[{"href":"https:\/\/remediiprosanatate.ro\/ro_RO\/wp-json\/wp\/v2\/pages\/5726"}],"collection":[{"href":"https:\/\/remediiprosanatate.ro\/ro_RO\/wp-json\/wp\/v2\/pages"}],"about":[{"href":"https:\/\/remediiprosanatate.ro\/ro_RO\/wp-json\/wp\/v2\/types\/page"}],"author":[{"embeddable":true,"href":"https:\/\/remediiprosanatate.ro\/ro_RO\/wp-json\/wp\/v2\/users\/1"}],"replies":[{"embeddable":true,"href":"https:\/\/remediiprosanatate.ro\/ro_RO\/wp-json\/wp\/v2\/comments?post=5726"}],"version-history":[{"count":38,"href":"https:\/\/remediiprosanatate.ro\/ro_RO\/wp-json\/wp\/v2\/pages\/5726\/revisions"}],"predecessor-version":[{"id":6198,"href":"https:\/\/remediiprosanatate.ro\/ro_RO\/wp-json\/wp\/v2\/pages\/5726\/revisions\/6198"}],"up":[{"embeddable":true,"href":"https:\/\/remediiprosanatate.ro\/ro_RO\/wp-json\/wp\/v2\/pages\/5703"}],"wp:attachment":[{"href":"https:\/\/remediiprosanatate.ro\/ro_RO\/wp-json\/wp\/v2\/media?parent=5726"}],"curies":[{"name":"wp","href":"https:\/\/api.w.org\/{rel}","templated":true}]}}