{"id":7621,"date":"2023-05-19T07:59:02","date_gmt":"2023-05-19T06:59:02","guid":{"rendered":"https:\/\/remediiprosanatate.ro\/?page_id=7621"},"modified":"2023-05-19T09:57:42","modified_gmt":"2023-05-19T08:57:42","slug":"curs-aroma-masaj-online","status":"publish","type":"page","link":"https:\/\/remediiprosanatate.ro\/en_GB\/curs-aroma-masaj-online\/","title":{"rendered":"Curs \u201cArmonie si sanatate prin Aroma Masaj\u201d"},"content":{"rendered":"\t\t<div data-elementor-type=\"wp-page\" data-elementor-id=\"7621\" class=\"elementor elementor-7621\">\n\t\t\t\t\t\t<div class=\"elementor-inner\">\n\t\t\t\t<div class=\"elementor-section-wrap\">\n\t\t\t\t\t\t\t\t\t<section class=\"elementor-section elementor-top-section elementor-element elementor-element-314b517 elementor-section-boxed elementor-section-height-default elementor-section-height-default\" data-id=\"314b517\" data-element_type=\"section\">\n\t\t\t\t\t\t<div class=\"elementor-container elementor-column-gap-default\">\n\t\t\t\t\t\t\t<div class=\"elementor-row\">\n\t\t\t\t\t<div class=\"elementor-column elementor-col-100 elementor-top-column elementor-element elementor-element-1823f21\" data-id=\"1823f21\" data-element_type=\"column\">\n\t\t\t<div class=\"elementor-column-wrap elementor-element-populated\">\n\t\t\t\t\t\t\t<div class=\"elementor-widget-wrap\">\n\t\t\t\t\t\t<div class=\"elementor-element elementor-element-5665c76 elementor-widget elementor-widget-text-editor\" data-id=\"5665c76\" data-element_type=\"widget\" data-widget_type=\"text-editor.default\">\n\t\t\t\t<div class=\"elementor-widget-container\">\n\t\t\t\t\t\t\t\t<div class=\"elementor-text-editor elementor-clearfix\">\n\t\t\t\t<p>\u201dCalea spre s\u0103n\u0103tate este s\u0103 faci \u00een fiecare zi o baie parfumat\u0103 \u0219i un masaj aromat!\u201d a lasat in scris, Hipocrate, parintele Medicinei, acum 2000 de ani.<\/p><p>Cu totii stim despre plante ca sunt leacul si miracolul pe care Divinitatea le-a lasat pe pamant noua oamenilor. Poate in aceste vremuri in care ne-am indepartat de natura si ritmurile ei, avem nevoie mai mult ca oricand de remedii naturiste pentru echilibra si mentine sanatatea in toate planurile: minte, trup si suflet.<\/p><h6><strong> Ce castigi urmand acest curs ?<\/strong><\/h6><p>Rezultate miraculoase!<br \/>Utilizarea corecta si eficienta a uleiurilor esentiale in masaj exponentializeaza rezultatele.<br \/>Procesul de vindecare al clientului este mult mai rapid, in timpul terapiei corectia locomotorie se face cu usurinta, mobilitatea articulatiilor este imediata, clientul elibereaza emotii somatizate, decontractare musculara este naturala,depunerile de minerale,uree,aciditatea in tesuturi si pe articulatii se dizolva si se elimina prin toate organele excretoare,etc.<\/p><p>Afli despre: chimia uleiurilor si cum lucreaza ele, restrictii, anamneza, cazuistica ,retete bogate pentru multe tipuri de afectiuni ,cum sa utilizezi eficient si economic, placerea utilizarii aromelor pentru client si terapeut ! Acest curs este o abordare holistica in urma caruia veti putea aplica imediat cele invatate.<\/p><h6><strong>Cui se adreseaza ?<\/strong><\/h6><p>Cursul se adreseaza celor pasionati de aroma masaj, maseurilor, terapeutilor, tehnicienilor maseuri, kinetoterapeutilor din sectorul privat sau Centre SPA. Participantii primesc bonus workshop \u00a0&#8211; Managementul Emotiilor.<\/p><h6><strong>Tematica<\/strong><\/h6><p>Utilizarea uleiurilor esentiale in masajul de recuperare si mentinerea sanatatii pentru:<\/p><p>\ud83d\udc49 masajul de relaxare\u00a0<\/p><p>\ud83d\udc49 masajul somat-emotional<\/p><p>\ud83d\udc49 masajul terapeutic<\/p><p>\ud83d\udc49 masajul pentru drenaj limfatic<\/p><p>\ud83d\udc49 masajul anticelulitic<\/p><p>\ud83d\udc49 masajul gravidei<\/p><p>\ud83d\udc49 masajul de inducere a travaliului<\/p><p>\ud83d\udc49 masajul post-partum<\/p><p>\ud83d\udc49 masajul bebelusului<\/p>\t\t\t\t\t<\/div>\n\t\t\t\t\t\t<\/div>\n\t\t\t\t<\/div>\n\t\t\t\t\t\t<\/div>\n\t\t\t\t\t<\/div>\n\t\t<\/div>\n\t\t\t\t\t\t\t\t<\/div>\n\t\t\t\t\t<\/div>\n\t\t<\/section>\n\t\t\t\t<section class=\"elementor-section elementor-top-section elementor-element elementor-element-702d625 elementor-section-boxed elementor-section-height-default elementor-section-height-default\" data-id=\"702d625\" data-element_type=\"section\">\n\t\t\t\t\t\t<div class=\"elementor-container elementor-column-gap-default\">\n\t\t\t\t\t\t\t<div class=\"elementor-row\">\n\t\t\t\t\t<div class=\"elementor-column elementor-col-100 elementor-top-column elementor-element elementor-element-03da986\" data-id=\"03da986\" data-element_type=\"column\">\n\t\t\t<div class=\"elementor-column-wrap elementor-element-populated\">\n\t\t\t\t\t\t\t<div class=\"elementor-widget-wrap\">\n\t\t\t\t\t\t<div class=\"elementor-element elementor-element-76c10e8 elementor-align-center elementor-widget elementor-widget-button\" data-id=\"76c10e8\" data-element_type=\"widget\" data-widget_type=\"button.default\">\n\t\t\t\t<div class=\"elementor-widget-container\">\n\t\t\t\t\t<div class=\"elementor-button-wrapper\">\n\t\t\t<a href=\"https:\/\/forms.gle\/K9MsFUiY3rhryBZQ8\" class=\"elementor-button-link elementor-button elementor-size-md\" role=\"button\">\n\t\t\t\t\t\t<span class=\"elementor-button-content-wrapper\">\n\t\t\t\t\t\t<span class=\"elementor-button-text\">Inscrie-te la cursul online - 19 iunie<\/span>\n\t\t<\/span>\n\t\t\t\t\t<\/a>\n\t\t<\/div>\n\t\t\t\t<\/div>\n\t\t\t\t<\/div>\n\t\t\t\t\t\t<\/div>\n\t\t\t\t\t<\/div>\n\t\t<\/div>\n\t\t\t\t\t\t\t\t<\/div>\n\t\t\t\t\t<\/div>\n\t\t<\/section>\n\t\t\t\t<section class=\"elementor-section elementor-top-section elementor-element elementor-element-52d533c elementor-section-boxed elementor-section-height-default elementor-section-height-default\" data-id=\"52d533c\" data-element_type=\"section\">\n\t\t\t\t\t\t<div class=\"elementor-container elementor-column-gap-default\">\n\t\t\t\t\t\t\t<div class=\"elementor-row\">\n\t\t\t\t\t<div class=\"elementor-column elementor-col-100 elementor-top-column elementor-element elementor-element-4a55fe9\" data-id=\"4a55fe9\" data-element_type=\"column\">\n\t\t\t<div class=\"elementor-column-wrap elementor-element-populated\">\n\t\t\t\t\t\t\t<div class=\"elementor-widget-wrap\">\n\t\t\t\t\t\t<div class=\"elementor-element elementor-element-19e8dd2 elementor-widget elementor-widget-text-editor\" data-id=\"19e8dd2\" data-element_type=\"widget\" data-widget_type=\"text-editor.default\">\n\t\t\t\t<div class=\"elementor-widget-container\">\n\t\t\t\t\t\t\t\t<div class=\"elementor-text-editor elementor-clearfix\">\n\t\t\t\t<h6><strong>Ce vei invata:<\/strong><\/h6><p>\ud83d\udc49 de ce sa folosesti uleiurile esentiale cu grad terapeutic<\/p><p>\ud83d\udc49 anamneza in masajul aromaterapeutic<\/p><p>\ud83d\udc49 cum sa folosesti uleiurile esentiale in masaj<\/p><p>\ud83d\udc49 retete pentru diverse afectiuni ce pot fi ameliorate si vindecate prin masaj<\/p><p>\ud83d\udc49 cum sa personalizezi aromele pentru fiecare client in functie de nevoile specifice<\/p><p>\ud83d\udc49 cum sa faci testele de toleranta, eficacitate si placere in aromamasaj<\/p><p>\ud83d\udc49 efectuarea aromamasajului in conditii de siguranta, contraindicatii, precautii<\/p><p>\ud83d\udc49 ce tipuri de uleiuri baza sa folosesti si proprietatile vindecatoare ale acestora<br \/><br \/><\/p><h6><strong>Bonus pentru cursanti &#8211; Aromaterapia pentru Gravide, Prospete Mamici si Bebelusi<\/strong><\/h6><p>Vei primi o diploma de participare recunoscuta de Academia Vivasan International pentru utilizatorii uleiurilor si produselor VIVASAN Elvetia.<\/p><p>Mentiune: la curs vorbim si despre alte branduri recunoscute international, in functie de preferintele si oferta unica a acestora!<\/p><p>Trainer &#8211; Constanta Duduta<br \/>Aromaterapeut -VIVASAN ROMANIA , Terapeut Holistic, Trainer international Access Bars&amp; Procese de corp energetice<\/p><p><strong>Durata cursului<\/strong> \u2013 6 ore ;<\/p><p>Cursul se va tine online; cei inscrisi si au platit vor primi linkul de conectare .<\/p><p>\u00a0<strong>Cost seminar<\/strong> \u2013 600 Ron<br \/><br \/><br \/><\/p>\t\t\t\t\t<\/div>\n\t\t\t\t\t\t<\/div>\n\t\t\t\t<\/div>\n\t\t\t\t\t\t<\/div>\n\t\t\t\t\t<\/div>\n\t\t<\/div>\n\t\t\t\t\t\t\t\t<\/div>\n\t\t\t\t\t<\/div>\n\t\t<\/section>\n\t\t\t\t<section class=\"elementor-section elementor-top-section elementor-element elementor-element-c5b1510 elementor-section-boxed elementor-section-height-default elementor-section-height-default\" data-id=\"c5b1510\" data-element_type=\"section\">\n\t\t\t\t\t\t<div class=\"elementor-container elementor-column-gap-default\">\n\t\t\t\t\t\t\t<div class=\"elementor-row\">\n\t\t\t\t\t<div class=\"elementor-column elementor-col-100 elementor-top-column elementor-element elementor-element-f550fd5\" data-id=\"f550fd5\" data-element_type=\"column\">\n\t\t\t<div class=\"elementor-column-wrap elementor-element-populated\">\n\t\t\t\t\t\t\t<div class=\"elementor-widget-wrap\">\n\t\t\t\t\t\t<div class=\"elementor-element elementor-element-fdab223 elementor-align-center elementor-widget elementor-widget-button\" data-id=\"fdab223\" data-element_type=\"widget\" data-widget_type=\"button.default\">\n\t\t\t\t<div class=\"elementor-widget-container\">\n\t\t\t\t\t<div class=\"elementor-button-wrapper\">\n\t\t\t<a href=\"https:\/\/forms.gle\/K9MsFUiY3rhryBZQ8\" class=\"elementor-button-link elementor-button elementor-size-md\" role=\"button\">\n\t\t\t\t\t\t<span class=\"elementor-button-content-wrapper\">\n\t\t\t\t\t\t<span class=\"elementor-button-text\">Inscrie-te la cursul online - 19 iunie<\/span>\n\t\t<\/span>\n\t\t\t\t\t<\/a>\n\t\t<\/div>\n\t\t\t\t<\/div>\n\t\t\t\t<\/div>\n\t\t\t\t\t\t<\/div>\n\t\t\t\t\t<\/div>\n\t\t<\/div>\n\t\t\t\t\t\t\t\t<\/div>\n\t\t\t\t\t<\/div>\n\t\t<\/section>\n\t\t\t\t\t\t\t\t\t<\/div>\n\t\t\t<\/div>\n\t\t\t\t\t<\/div>\n\t\t","protected":false},"excerpt":{"rendered":"<p>&#8230;<\/p>\n","protected":false},"author":1,"featured_media":0,"parent":0,"menu_order":0,"comment_status":"closed","ping_status":"closed","template":"","meta":[],"_links":{"self":[{"href":"https:\/\/remediiprosanatate.ro\/en_GB\/wp-json\/wp\/v2\/pages\/7621"}],"collection":[{"href":"https:\/\/remediiprosanatate.ro\/en_GB\/wp-json\/wp\/v2\/pages"}],"about":[{"href":"https:\/\/remediiprosanatate.ro\/en_GB\/wp-json\/wp\/v2\/types\/page"}],"author":[{"embeddable":true,"href":"https:\/\/remediiprosanatate.ro\/en_GB\/wp-json\/wp\/v2\/users\/1"}],"replies":[{"embeddable":true,"href":"https:\/\/remediiprosanatate.ro\/en_GB\/wp-json\/wp\/v2\/comments?post=7621"}],"version-history":[{"count":4,"href":"https:\/\/remediiprosanatate.ro\/en_GB\/wp-json\/wp\/v2\/pages\/7621\/revisions"}],"predecessor-version":[{"id":7625,"href":"https:\/\/remediiprosanatate.ro\/en_GB\/wp-json\/wp\/v2\/pages\/7621\/revisions\/7625"}],"wp:attachment":[{"href":"https:\/\/remediiprosanatate.ro\/en_GB\/wp-json\/wp\/v2\/media?parent=7621"}],"curies":[{"name":"wp","href":"https:\/\/api.w.org\/{rel}","templated":true}]}}