{"id":7601,"date":"2023-05-12T20:09:25","date_gmt":"2023-05-12T19:09:25","guid":{"rendered":"https:\/\/remediiprosanatate.ro\/?page_id=7601"},"modified":"2023-09-07T05:38:32","modified_gmt":"2023-09-07T04:38:32","slug":"curs-access-bars","status":"publish","type":"page","link":"https:\/\/remediiprosanatate.ro\/en_GB\/curs-access-bars\/","title":{"rendered":"Curs Access Bars"},"content":{"rendered":"\t\t<div data-elementor-type=\"wp-page\" data-elementor-id=\"7601\" class=\"elementor elementor-7601\">\n\t\t\t\t\t\t<div class=\"elementor-inner\">\n\t\t\t\t<div class=\"elementor-section-wrap\">\n\t\t\t\t\t\t\t\t\t<section class=\"elementor-section elementor-top-section elementor-element elementor-element-314b517 elementor-section-boxed elementor-section-height-default elementor-section-height-default\" data-id=\"314b517\" data-element_type=\"section\">\n\t\t\t\t\t\t<div class=\"elementor-container elementor-column-gap-default\">\n\t\t\t\t\t\t\t<div class=\"elementor-row\">\n\t\t\t\t\t<div class=\"elementor-column elementor-col-100 elementor-top-column elementor-element elementor-element-1823f21\" data-id=\"1823f21\" data-element_type=\"column\">\n\t\t\t<div class=\"elementor-column-wrap elementor-element-populated\">\n\t\t\t\t\t\t\t<div class=\"elementor-widget-wrap\">\n\t\t\t\t\t\t<div class=\"elementor-element elementor-element-5665c76 elementor-widget elementor-widget-text-editor\" data-id=\"5665c76\" data-element_type=\"widget\" data-widget_type=\"text-editor.default\">\n\t\t\t\t<div class=\"elementor-widget-container\">\n\t\t\t\t\t\t\t\t<div class=\"elementor-text-editor elementor-clearfix\">\n\t\t\t\t<p>Dac\u0103 e\u0219ti \u00een c\u0103utarea unei metode de eliberare a stresului \u0219i a anxiet\u0103\u021bii, usurinta cu viata si corpul tau, atunci ai venit la locul potrivit.<\/p><p>Access Bars este o Tehnica de eliberare electromagnetica a emotiilor, sentimentelor, gandurilor distructive, punctelor de vedere limitative, drama, trauma, acumulate in aceasta viata sau inmagazinate in mintea sau corpul tau de generatii.<\/p><p>\u00a0Aceasta Tehnica\u00a0 a ajutat sute de mii de oameni din \u00eentreaga lume s\u0103-\u0219i transforme vie\u021bile, sa traiasca o viata fericita si implinita.<\/p><p>Prin atingerea a 32 de puncte specifice de pe cap(referitoare la: sanatate, bunatate,vindecare, bani,etc.), sunt eliberate\u00a0 tensiunea \u0219i blocajele din corpul \u0219i mintea ta.<\/p><p>Toate locurile in care ai ramas blocat intr-o realitate lipsita de alegere se disipeaza, oferindu-ti pagini noi pentru a-ti rescrie viata asa cum doresti si stii ca poate sa arate.<\/p><p>\u00a0Sa-ti recapeti puterea personala, starea de bine si spatiul acela in care esti mai prezent si mai constient cu corpul tau si cu intreaga ta viata.<\/p><p>Cursul\u00a0 Access Bars este conceput pentru a-\u021bi oferi cuno\u0219tin\u021bele \u0219i tehnicile necesare pentru a-\u021bi elibera propriul\u00a0 poten\u021bial \u0219i pentru a ajuta pe cei dragi \u0219i al\u021bi oameni s\u0103-si creeze viata, daca doresti si alegi sa impartasesti.<\/p><p>\u00a0Vei \u00eenv\u0103\u021ba cum s\u0103 aplici tehnica Acces Bars \u0219i cum s\u0103 o utilizezi pentru a-\u021bi \u00eembun\u0103t\u0103\u021bi propria via\u021b\u0103 \u0219i via\u021ba celor din jurul t\u0103u.<\/p><p>Iat\u0103 c\u00e2teva dintre beneficiile pe care le po\u021bi ob\u021bine prin participarea la cursul nostru de Access Bars:<\/p><p>\u00a0Eliberare de stres \u0219i anxietate. Access Bars te ajut\u0103 s\u0103 te sim\u021bi mai calm \u0219i mai relaxat, reduc\u00e2nd stresul \u0219i anxietatea din via\u021ba ta.<\/p><p>\u00a0\u00cembun\u0103t\u0103\u021birea somnului. Dac\u0103 ai probleme cu somnul, tehnica Access Bars te poate ajuta s\u0103 adormi mai u\u0219or \u0219i s\u0103 ai un somn mai odihnitor.<\/p><p>\u00a0Mai mult\u0103 energie \u0219i vitalitate. Access Bars elibereaz\u0103 blocajele de energie din corpul t\u0103u, ajut\u00e2ndu-te s\u0103 te sim\u021bi mai energic \u0219i mai plin de via\u021b\u0103.<\/p><p>\u00a0\u00cembun\u0103t\u0103\u021birea rela\u021biilor. Prin utilizarea tehnicilor Access Bars, po\u021bi ajuta \u0219i alte persoane s\u0103 se simt\u0103 mai bine \u0219i s\u0103-\u0219i \u00eembun\u0103t\u0103\u021beasc\u0103 rela\u021biile cu ceilal\u021bi.<\/p><p>\u00a0Mai mult\u0103 claritate mental\u0103. Access Bars poate ajuta la reducerea g\u00e2ndurilor negative \u0219i la cre\u0219terea clarit\u0103\u021bii mentale, ajut\u00e2ndu-te s\u0103 iei decizii mai bune \u0219i s\u0103-\u021bi \u00eendepline\u0219ti obiectivele cu mai mult\u0103 u\u0219urin\u021b\u0103.<\/p><p>Indiferent dac\u0103 dore\u0219ti s\u0103 \u00ee\u021bi schimbi via\u021ba sau s\u0103 aju\u021bi \u0219i alte persoane s\u0103 se simt\u0103 mai bine, cursul nostru de Access Bars poate fi solu\u021bia ideal\u0103 pentru tine. \u00cenva\u021b\u0103 tehnicile de care ai nevoie pentru a ob\u021bine beneficiile si transformarile pe care le-ai obtine in ani lungi de terapie.<\/p><p>\u00a0 O sedinta de Access Bars poate schimba via\u021ba ta <strong>ast\u0103zi <\/strong>in foarte bine prin eliberarea bagajului impovarator si distructiv, astfel incat viitorul nu se va mai proiecta in acelasi fel.<\/p>\t\t\t\t\t<\/div>\n\t\t\t\t\t\t<\/div>\n\t\t\t\t<\/div>\n\t\t\t\t\t\t<\/div>\n\t\t\t\t\t<\/div>\n\t\t<\/div>\n\t\t\t\t\t\t\t\t<\/div>\n\t\t\t\t\t<\/div>\n\t\t<\/section>\n\t\t\t\t<section class=\"elementor-section elementor-top-section elementor-element elementor-element-4b74866 elementor-section-boxed elementor-section-height-default elementor-section-height-default\" data-id=\"4b74866\" data-element_type=\"section\">\n\t\t\t\t\t\t<div class=\"elementor-container elementor-column-gap-default\">\n\t\t\t\t\t\t\t<div class=\"elementor-row\">\n\t\t\t\t\t<div class=\"elementor-column elementor-col-100 elementor-top-column elementor-element elementor-element-437eecf\" data-id=\"437eecf\" data-element_type=\"column\">\n\t\t\t<div class=\"elementor-column-wrap elementor-element-populated\">\n\t\t\t\t\t\t\t<div class=\"elementor-widget-wrap\">\n\t\t\t\t\t\t<div class=\"elementor-element elementor-element-d0c0287 elementor-align-center elementor-widget elementor-widget-button\" data-id=\"d0c0287\" data-element_type=\"widget\" data-widget_type=\"button.default\">\n\t\t\t\t<div class=\"elementor-widget-container\">\n\t\t\t\t\t<div class=\"elementor-button-wrapper\">\n\t\t\t<a href=\"https:\/\/forms.gle\/4sZFhD2yJJ4zDfRWA\" class=\"elementor-button-link elementor-button elementor-size-md\" role=\"button\">\n\t\t\t\t\t\t<span class=\"elementor-button-content-wrapper\">\n\t\t\t\t\t\t<span class=\"elementor-button-text\">Inscrie-te la cursul din Bucuresti - 23 septembrie<\/span>\n\t\t<\/span>\n\t\t\t\t\t<\/a>\n\t\t<\/div>\n\t\t\t\t<\/div>\n\t\t\t\t<\/div>\n\t\t\t\t\t\t<\/div>\n\t\t\t\t\t<\/div>\n\t\t<\/div>\n\t\t\t\t\t\t\t\t<\/div>\n\t\t\t\t\t<\/div>\n\t\t<\/section>\n\t\t\t\t<section class=\"elementor-section elementor-top-section elementor-element elementor-element-52d533c elementor-section-boxed elementor-section-height-default elementor-section-height-default\" data-id=\"52d533c\" data-element_type=\"section\">\n\t\t\t\t\t\t<div class=\"elementor-container elementor-column-gap-default\">\n\t\t\t\t\t\t\t<div class=\"elementor-row\">\n\t\t\t\t\t<div class=\"elementor-column elementor-col-100 elementor-top-column elementor-element elementor-element-4a55fe9\" data-id=\"4a55fe9\" data-element_type=\"column\">\n\t\t\t<div class=\"elementor-column-wrap elementor-element-populated\">\n\t\t\t\t\t\t\t<div class=\"elementor-widget-wrap\">\n\t\t\t\t\t\t<div class=\"elementor-element elementor-element-19e8dd2 elementor-widget elementor-widget-text-editor\" data-id=\"19e8dd2\" data-element_type=\"widget\" data-widget_type=\"text-editor.default\">\n\t\t\t\t<div class=\"elementor-widget-container\">\n\t\t\t\t\t\t\t\t<div class=\"elementor-text-editor elementor-clearfix\">\n\t\t\t\t<p>Te-ai saturat de situa\u021bii \u00eencurcate \u0219i e\u0219ti gata pentru mai mult\u0103 u\u0219urin\u021b\u0103?<\/p><p>Sim\u021bi c\u0103 po\u021bi mai mult dar e\u0219ti \u021binut pe loc de blocaje limitative legate de: bani, s\u0103n\u0103tate, rela\u021bii.<\/p><p>E\u0219ti stresat, nu dormi bine, e\u0219ti depresiv, te confrun\u021bi cu oboseal\u0103 cronic\u0103.\u00a0<\/p><p>Suferi de o boal\u0103 cronic\u0103, obezitate, e\u0219ti \u00eenainte \u0219i dup\u0103 interven\u021bii chirurgicale, blocaje emo\u021bionale, tulbur\u0103ri psihice, traume nerezolvate.<\/p><p>Este pentru copilul t\u0103u dac\u0103 \u2026 are dificult\u0103\u021bi de concentrare, vorbire \u0219i de exprimare, anxietate, autism, dificult\u0103\u021bi de \u00eenv\u0103\u021bare.<\/p><p>Studiile \u0218tiin\u021bifice arat\u0103 c\u0103 dup\u0103 o singur\u0103 \u0219edin\u021b\u0103, depresia \u0219i anxietatea dispar \u00een propor\u021bie de peste 85%. Corpul elibereaz\u0103 \u00eenc\u0103rc\u0103tura electromagnetic\u0103 ce men\u021bine corpul \u0219i mintea \u00eentr-o realitate f\u0103r\u0103 alegere. Dup\u0103 o \u0219edin\u021b\u0103, galagia din cap dispare, ai mai mult\u0103 claritate, putere de concentrare \u0219i focus, aliniere: minte, trup, suflet! Corpul se vindec\u0103 \u0219i se reface mult mai rapid \u00een situa\u021bii de boal\u0103, traume, depresie, pierderea cuiva drag \u0219i \u00een orice situa\u021bie cu care te confrun\u021bi, \u00een general. Rezultate fabuloase pentru ADD, ADHD, burnout, AVC, autism, toate formele de demen\u021b\u0103, etc.<\/p><p>Cine poate primi Tehnica Access Bars? Tehnica Bars o po\u021bi aplica pe tine \u00eensu\u021bi, oamenilor pe care \u00eei iube\u0219ti, poate fi o competen\u021b\u0103 nou\u0103 de Practician Bars av\u00e2nd o contribu\u021bie incredibil\u0103, indiferent de v\u00e2rsta \u0219i problemele de s\u0103n\u0103tate cu care se confrunt\u0103 oamenii. Ce include cursul?<\/p><p>\u00a0un manual bogat \u00een informa\u021bii \u0219i instrumente dinamice de transformare;<\/p><p>\u00a0plan\u0219e cu punctele Bars \u0219i plan\u0219e cu sesiunea de Bars;<\/p><p>\u00a0vei primi 2 sesiuni de Bars \u0219i vei oferi 2 sesiuni de Bars;<\/p><p>\u00a0vei urm\u0103ri o sesiune de Bars sus\u021binut\u0103 de fondatorul \u0219i co-fondatorul Access Consciousness;<\/p><p>\u00a0vei primi un Certificat Interna\u021bional de Practician Access Bars eliberat de Access Consciousness.<\/p>\t\t\t\t\t<\/div>\n\t\t\t\t\t\t<\/div>\n\t\t\t\t<\/div>\n\t\t\t\t\t\t<\/div>\n\t\t\t\t\t<\/div>\n\t\t<\/div>\n\t\t\t\t\t\t\t\t<\/div>\n\t\t\t\t\t<\/div>\n\t\t<\/section>\n\t\t\t\t<section class=\"elementor-section elementor-top-section elementor-element elementor-element-7034d03 elementor-section-boxed elementor-section-height-default elementor-section-height-default\" data-id=\"7034d03\" data-element_type=\"section\">\n\t\t\t\t\t\t<div class=\"elementor-container elementor-column-gap-default\">\n\t\t\t\t\t\t\t<div class=\"elementor-row\">\n\t\t\t\t\t<div class=\"elementor-column elementor-col-100 elementor-top-column elementor-element elementor-element-606af08\" data-id=\"606af08\" data-element_type=\"column\">\n\t\t\t<div class=\"elementor-column-wrap elementor-element-populated\">\n\t\t\t\t\t\t\t<div class=\"elementor-widget-wrap\">\n\t\t\t\t\t\t<div class=\"elementor-element elementor-element-c56b50c elementor-align-center elementor-widget elementor-widget-button\" data-id=\"c56b50c\" data-element_type=\"widget\" data-widget_type=\"button.default\">\n\t\t\t\t<div class=\"elementor-widget-container\">\n\t\t\t\t\t<div class=\"elementor-button-wrapper\">\n\t\t\t<a href=\"https:\/\/forms.gle\/4sZFhD2yJJ4zDfRWA\" class=\"elementor-button-link elementor-button elementor-size-md\" role=\"button\">\n\t\t\t\t\t\t<span class=\"elementor-button-content-wrapper\">\n\t\t\t\t\t\t<span class=\"elementor-button-text\">Inscrie-te la cursul din Bucuresti - 23 septembrie<\/span>\n\t\t<\/span>\n\t\t\t\t\t<\/a>\n\t\t<\/div>\n\t\t\t\t<\/div>\n\t\t\t\t<\/div>\n\t\t\t\t\t\t<\/div>\n\t\t\t\t\t<\/div>\n\t\t<\/div>\n\t\t\t\t\t\t\t\t<\/div>\n\t\t\t\t\t<\/div>\n\t\t<\/section>\n\t\t\t\t<section class=\"elementor-section elementor-top-section elementor-element elementor-element-5185f41 elementor-section-boxed elementor-section-height-default elementor-section-height-default\" data-id=\"5185f41\" data-element_type=\"section\">\n\t\t\t\t\t\t<div class=\"elementor-container elementor-column-gap-default\">\n\t\t\t\t\t\t\t<div class=\"elementor-row\">\n\t\t\t\t\t<div class=\"elementor-column elementor-col-100 elementor-top-column elementor-element elementor-element-055a96a\" data-id=\"055a96a\" data-element_type=\"column\">\n\t\t\t<div class=\"elementor-column-wrap elementor-element-populated\">\n\t\t\t\t\t\t\t<div class=\"elementor-widget-wrap\">\n\t\t\t\t\t\t<div class=\"elementor-element elementor-element-352ba63 elementor-widget elementor-widget-image\" data-id=\"352ba63\" data-element_type=\"widget\" data-widget_type=\"image.default\">\n\t\t\t\t<div class=\"elementor-widget-container\">\n\t\t\t\t\t\t\t\t<div class=\"elementor-image\">\n\t\t\t\t\t\t\t\t\t\t\t\t<img width=\"226\" height=\"300\" src=\"https:\/\/remediiprosanatate.ro\/wp-content\/uploads\/2015\/10\/IMG_20230424_105714683-1-226x300.jpg\" class=\"attachment-medium size-medium\" alt=\"\" loading=\"lazy\" srcset=\"https:\/\/remediiprosanatate.ro\/wp-content\/uploads\/2015\/10\/IMG_20230424_105714683-1-226x300.jpg 226w, https:\/\/remediiprosanatate.ro\/wp-content\/uploads\/2015\/10\/IMG_20230424_105714683-1-771x1024.jpg 771w, https:\/\/remediiprosanatate.ro\/wp-content\/uploads\/2015\/10\/IMG_20230424_105714683-1-768x1020.jpg 768w, https:\/\/remediiprosanatate.ro\/wp-content\/uploads\/2015\/10\/IMG_20230424_105714683-1-1157x1536.jpg 1157w, https:\/\/remediiprosanatate.ro\/wp-content\/uploads\/2015\/10\/IMG_20230424_105714683-1-1542x2048.jpg 1542w, https:\/\/remediiprosanatate.ro\/wp-content\/uploads\/2015\/10\/IMG_20230424_105714683-1-scaled.jpg 1928w\" sizes=\"(max-width: 226px) 100vw, 226px\" \/>\t\t\t\t\t\t\t\t\t\t\t\t\t\t<\/div>\n\t\t\t\t\t\t<\/div>\n\t\t\t\t<\/div>\n\t\t\t\t\t\t<\/div>\n\t\t\t\t\t<\/div>\n\t\t<\/div>\n\t\t\t\t\t\t\t\t<\/div>\n\t\t\t\t\t<\/div>\n\t\t<\/section>\n\t\t\t\t<section class=\"elementor-section elementor-top-section elementor-element elementor-element-b3a3aa7 elementor-section-boxed elementor-section-height-default elementor-section-height-default\" data-id=\"b3a3aa7\" data-element_type=\"section\">\n\t\t\t\t\t\t<div class=\"elementor-container elementor-column-gap-default\">\n\t\t\t\t\t\t\t<div class=\"elementor-row\">\n\t\t\t\t\t<div class=\"elementor-column elementor-col-100 elementor-top-column elementor-element elementor-element-15c5b6e\" data-id=\"15c5b6e\" data-element_type=\"column\">\n\t\t\t<div class=\"elementor-column-wrap elementor-element-populated\">\n\t\t\t\t\t\t\t<div class=\"elementor-widget-wrap\">\n\t\t\t\t\t\t<div class=\"elementor-element elementor-element-4cc5a12 elementor-widget elementor-widget-text-editor\" data-id=\"4cc5a12\" data-element_type=\"widget\" data-widget_type=\"text-editor.default\">\n\t\t\t\t<div class=\"elementor-widget-container\">\n\t\t\t\t\t\t\t\t<div class=\"elementor-text-editor elementor-clearfix\">\n\t\t\t\t<p>Nu \u00ee\u021bi pierde \u0219ansa de a descoperi o metod\u0103 puternic\u0103 \u0219i dinamic\u0103 care poate schimba nu doar via\u021ba ta, ci \u0219i a celor din jurul t\u0103u! Particip\u00e2nd la cursurile de Access Bar, vei \u00eenv\u0103\u021ba un instrument rapid \u0219i eficient pe care \u00eel po\u021bi utiliza \u00een via\u021ba de zi cu zi pentru a-\u021bi u\u0219ura traiul \u0219i pentru a face fa\u021b\u0103 situa\u021biilor aparent f\u0103r\u0103 ie\u0219ire.<\/p><p>\u0218i nu trebuie s\u0103 fii expert \u00een medicin\u0103 alternativ\u0103 sau alopat\u0103 pentru a \u00eenv\u0103\u021ba aceast\u0103 metod\u0103! Access Bar este pentru toat\u0103 lumea, indiferent de v\u00e2rst\u0103 sau de nivelul de preg\u0103tire.<\/p><p>Dac\u0103 ai un copil cu v\u00e2rsta p\u00e2n\u0103 \u00een 16 ani, po\u021bi participa \u00eempreun\u0103 cu el la cursuri, iar el va primi Certificare pentru copii pentru Tehnica Access Bars gratuit. Pentru adolescen\u021bii cu v\u00e2rsta \u00eentre 16 \u0219i 18 ani, pre\u021bul este redus cu 50% din tariful standard.<\/p><p>Nu rata ocazia de a \u00eenv\u0103\u021ba Access Bar \u0219i de a transforma via\u021ba ta \u0219i a celor din jurul t\u0103u!<\/p>\t\t\t\t\t<\/div>\n\t\t\t\t\t\t<\/div>\n\t\t\t\t<\/div>\n\t\t\t\t\t\t<\/div>\n\t\t\t\t\t<\/div>\n\t\t<\/div>\n\t\t\t\t\t\t\t\t<\/div>\n\t\t\t\t\t<\/div>\n\t\t<\/section>\n\t\t\t\t<section class=\"elementor-section elementor-top-section elementor-element elementor-element-4dde269 elementor-section-boxed elementor-section-height-default elementor-section-height-default\" data-id=\"4dde269\" data-element_type=\"section\">\n\t\t\t\t\t\t<div class=\"elementor-container elementor-column-gap-default\">\n\t\t\t\t\t\t\t<div class=\"elementor-row\">\n\t\t\t\t\t<div class=\"elementor-column elementor-col-100 elementor-top-column elementor-element elementor-element-ba60e0e\" data-id=\"ba60e0e\" data-element_type=\"column\">\n\t\t\t<div class=\"elementor-column-wrap elementor-element-populated\">\n\t\t\t\t\t\t\t<div class=\"elementor-widget-wrap\">\n\t\t\t\t\t\t<div class=\"elementor-element elementor-element-185fe27 elementor-widget elementor-widget-text-editor\" data-id=\"185fe27\" data-element_type=\"widget\" data-widget_type=\"text-editor.default\">\n\t\t\t\t<div class=\"elementor-widget-container\">\n\t\t\t\t\t\t\t\t<div class=\"elementor-text-editor elementor-clearfix\">\n\t\t\t\t<p>Ce inseamna Tehnica Access Bars &amp; Access Consciousness\u00ae?&nbsp;&nbsp;<\/p>\n<p>Access Consciousness este o abordare holistic\u0103 pentru dezvoltarea personal\u0103 \u0219i spiritual\u0103, care se concentreaz\u0103 pe descoperirea \u0219i eliberarea limit\u0103rilor incon\u0219tiente care ne \u00eempiedic\u0103 s\u0103 tr\u0103im via\u021ba pe care o dorim. Tehnicile Access Consciousness se bazeaz\u0103 pe o serie de \u00eentreb\u0103ri \u0219i afirma\u021bii care \u00eencurajeaz\u0103 oamenii s\u0103 \u00ee\u0219i exploreze g\u00e2ndurile, sentimentele \u0219i emo\u021biile cu o minte deschis\u0103 \u0219i f\u0103r\u0103 judecat\u0103.<\/p>\n<p>Cateva dintre situatiile in care Access Consciousness te poate ajuta cu success:<\/p>\n<p>O \u0219edin\u021b\u0103 de Bars poate produce mai multe transform\u0103ri decat ani intregi de terapie. In cel mai simplu caz, dupa o \u0219edint\u0103 de bars te poti sim\u021bi ca dupa un masaj bun, iar in cel mai bun caz, intreaga ta via\u021b\u0103 se va schimba.<\/p>\t\t\t\t\t<\/div>\n\t\t\t\t\t\t<\/div>\n\t\t\t\t<\/div>\n\t\t\t\t\t\t<\/div>\n\t\t\t\t\t<\/div>\n\t\t<\/div>\n\t\t\t\t\t\t\t\t<\/div>\n\t\t\t\t\t<\/div>\n\t\t<\/section>\n\t\t\t\t<section class=\"elementor-section elementor-top-section elementor-element elementor-element-219d395 elementor-section-boxed elementor-section-height-default elementor-section-height-default\" data-id=\"219d395\" data-element_type=\"section\">\n\t\t\t\t\t\t<div class=\"elementor-container elementor-column-gap-default\">\n\t\t\t\t\t\t\t<div class=\"elementor-row\">\n\t\t\t\t\t<div class=\"elementor-column elementor-col-100 elementor-top-column elementor-element elementor-element-4314010\" data-id=\"4314010\" data-element_type=\"column\">\n\t\t\t<div class=\"elementor-column-wrap elementor-element-populated\">\n\t\t\t\t\t\t\t<div class=\"elementor-widget-wrap\">\n\t\t\t\t\t\t<div class=\"elementor-element elementor-element-76b81fc elementor-align-center elementor-widget elementor-widget-button\" data-id=\"76b81fc\" data-element_type=\"widget\" data-widget_type=\"button.default\">\n\t\t\t\t<div class=\"elementor-widget-container\">\n\t\t\t\t\t<div class=\"elementor-button-wrapper\">\n\t\t\t<a href=\"https:\/\/forms.gle\/4sZFhD2yJJ4zDfRWA\" class=\"elementor-button-link elementor-button elementor-size-md\" role=\"button\">\n\t\t\t\t\t\t<span class=\"elementor-button-content-wrapper\">\n\t\t\t\t\t\t<span class=\"elementor-button-text\">Inscrie-te la cursul din Bucuresti - 23 septembrie<\/span>\n\t\t<\/span>\n\t\t\t\t\t<\/a>\n\t\t<\/div>\n\t\t\t\t<\/div>\n\t\t\t\t<\/div>\n\t\t\t\t\t\t<\/div>\n\t\t\t\t\t<\/div>\n\t\t<\/div>\n\t\t\t\t\t\t\t\t<\/div>\n\t\t\t\t\t<\/div>\n\t\t<\/section>\n\t\t\t\t<section class=\"elementor-section elementor-top-section elementor-element elementor-element-aeaa213 elementor-section-boxed elementor-section-height-default elementor-section-height-default\" data-id=\"aeaa213\" data-element_type=\"section\">\n\t\t\t\t\t\t<div class=\"elementor-container elementor-column-gap-default\">\n\t\t\t\t\t\t\t<div class=\"elementor-row\">\n\t\t\t\t\t<div class=\"elementor-column elementor-col-100 elementor-top-column elementor-element elementor-element-9d28b0f\" data-id=\"9d28b0f\" data-element_type=\"column\">\n\t\t\t<div class=\"elementor-column-wrap elementor-element-populated\">\n\t\t\t\t\t\t\t<div class=\"elementor-widget-wrap\">\n\t\t\t\t\t\t<div class=\"elementor-element elementor-element-c993f42 elementor-widget elementor-widget-text-editor\" data-id=\"c993f42\" data-element_type=\"widget\" data-widget_type=\"text-editor.default\">\n\t\t\t\t<div class=\"elementor-widget-container\">\n\t\t\t\t\t\t\t\t<div class=\"elementor-text-editor elementor-clearfix\">\n\t\t\t\t<p>Multa lume crede c\u0103 Tehnica Access Bars este doar pentru cei care sunt terapeu\u021bi sau practicieni din zona medicinei alopate sau alternative. De fapt, \u00een toat\u0103 lumea, Access Bars este folosit de membrii familiei pentru a se ajuta unii pe al\u021bii \u00een orice fel de situa\u021bii de via\u021b\u0103, inclusiv cele de s\u0103n\u0103tate.<\/p><p>Imagineaz\u0103-\u021bi c\u0103: \u2022 \u00cen loc s\u0103 te cer\u021bi cu partenerul, \u00eei faci o sesiune de Bars \u0219i tu prime\u0219ti la r\u00e2ndul t\u0103u o \u0219edin\u021b\u0103. \u2022 \u00cenaintea unui eveniment stresant sau examen, ai unul din membrii familiei care \u00ee\u021bi ruleaz\u0103 Bars. \u2022 Atunci c\u00e2nd oricare din membrii familiei trece prin boal\u0103, durere, suferin\u021b\u0103, stres, dificult\u0103\u021bi, po\u021bi schimba situa\u021bia cu sesiuni de bars. \u2022 Atunci c\u00e2nd nu ai claritate despre via\u021ba ta \u0219i nu \u0219tii ce alegeri s\u0103 faci, prime\u0219ti o sesiune de Bars. \u2022 Copiii t\u0103i intr\u0103 \u00een via\u021b\u0103 cu instrumente care s\u0103 \u00eei ajute s\u0103 fac\u0103 alegeri, s\u0103 \u00ee\u0219i creeze via\u021ba, s\u0103 fie ferici\u021bi.<\/p><p>Multe familii din Rom\u00e2nia au \u00eenceput s\u0103 descopere darul pe care Bars \u00eel reprezint\u0103 \u00een familie. Cum ar fi dac\u0103 \u021bi-ai lua prietenul, prietena cea mai bun\u0103 \u0219i ai veni la acest curs, s\u0103 \u00eenve\u021bi una din tehnicile cele mai dinamice de transformare pe care eu, personal, le-am experimentat? Cum ar fi s\u0103 stai \u00een concediu la plaj\u0103, s\u0103 prime\u0219ti sesiuni de bars \u0219i s\u0103 experimentezi relaxarea total\u0103?<\/p><p>Am \u00eencercat \u00een ultimii 15 ani aproape toate tehnicile de vindecare, de dezvoltare personal\u0103, de cur\u0103\u021bare, de transformare care exist\u0103 pe planet\u0103. Nu am descoperit nimic care s\u0103 aduc\u0103 at\u00e2t de mult\u0103 u\u0219urin\u021b\u0103, lini\u0219te, pace, claritate, eliberare. Cu fiecare sesiune primit\u0103, lumea ta de posibilit\u0103\u021bi se deschide. Deci te rog, dac\u0103 \u00ee\u021bi place s\u0103 suferi, \u00ee\u021bi plac situa\u021biile dificile, nu alege acest curs. Nu este pentru tine.\u00a0<\/p><p>Eu \u00ee\u021bi doresc ca totul s\u0103 vin\u0103 \u00een via\u021ba ta cu bucurie, u\u0219urin\u021b\u0103 \u0219i glorie.<\/p>\t\t\t\t\t<\/div>\n\t\t\t\t\t\t<\/div>\n\t\t\t\t<\/div>\n\t\t\t\t\t\t<\/div>\n\t\t\t\t\t<\/div>\n\t\t<\/div>\n\t\t\t\t\t\t\t\t<\/div>\n\t\t\t\t\t<\/div>\n\t\t<\/section>\n\t\t\t\t<section class=\"elementor-section elementor-top-section elementor-element elementor-element-e176c03 elementor-section-boxed elementor-section-height-default elementor-section-height-default\" data-id=\"e176c03\" data-element_type=\"section\">\n\t\t\t\t\t\t<div class=\"elementor-container elementor-column-gap-default\">\n\t\t\t\t\t\t\t<div class=\"elementor-row\">\n\t\t\t\t\t<div class=\"elementor-column elementor-col-100 elementor-top-column elementor-element elementor-element-bb53ef1\" data-id=\"bb53ef1\" data-element_type=\"column\">\n\t\t\t<div class=\"elementor-column-wrap elementor-element-populated\">\n\t\t\t\t\t\t\t<div class=\"elementor-widget-wrap\">\n\t\t\t\t\t\t<div class=\"elementor-element elementor-element-6b14e04 elementor-widget elementor-widget-image\" data-id=\"6b14e04\" data-element_type=\"widget\" data-widget_type=\"image.default\">\n\t\t\t\t<div class=\"elementor-widget-container\">\n\t\t\t\t\t\t\t\t<div class=\"elementor-image\">\n\t\t\t\t\t\t\t\t\t\t\t\t<img width=\"1024\" height=\"569\" src=\"https:\/\/remediiprosanatate.ro\/wp-content\/uploads\/2023\/05\/Curs-Acces-Bars-1024x569.png\" class=\"attachment-large size-large\" alt=\"\" loading=\"lazy\" srcset=\"https:\/\/remediiprosanatate.ro\/wp-content\/uploads\/2023\/05\/Curs-Acces-Bars-1024x569.png 1024w, https:\/\/remediiprosanatate.ro\/wp-content\/uploads\/2023\/05\/Curs-Acces-Bars-300x167.png 300w, https:\/\/remediiprosanatate.ro\/wp-content\/uploads\/2023\/05\/Curs-Acces-Bars-768x427.png 768w, https:\/\/remediiprosanatate.ro\/wp-content\/uploads\/2023\/05\/Curs-Acces-Bars.png 1080w\" sizes=\"(max-width: 1024px) 100vw, 1024px\" \/>\t\t\t\t\t\t\t\t\t\t\t\t\t\t<\/div>\n\t\t\t\t\t\t<\/div>\n\t\t\t\t<\/div>\n\t\t\t\t\t\t<\/div>\n\t\t\t\t\t<\/div>\n\t\t<\/div>\n\t\t\t\t\t\t\t\t<\/div>\n\t\t\t\t\t<\/div>\n\t\t<\/section>\n\t\t\t\t\t\t\t\t\t<\/div>\n\t\t\t<\/div>\n\t\t\t\t\t<\/div>\n\t\t","protected":false},"excerpt":{"rendered":"<p>&#8230;<\/p>\n","protected":false},"author":1,"featured_media":0,"parent":0,"menu_order":0,"comment_status":"closed","ping_status":"closed","template":"","meta":[],"_links":{"self":[{"href":"https:\/\/remediiprosanatate.ro\/en_GB\/wp-json\/wp\/v2\/pages\/7601"}],"collection":[{"href":"https:\/\/remediiprosanatate.ro\/en_GB\/wp-json\/wp\/v2\/pages"}],"about":[{"href":"https:\/\/remediiprosanatate.ro\/en_GB\/wp-json\/wp\/v2\/types\/page"}],"author":[{"embeddable":true,"href":"https:\/\/remediiprosanatate.ro\/en_GB\/wp-json\/wp\/v2\/users\/1"}],"replies":[{"embeddable":true,"href":"https:\/\/remediiprosanatate.ro\/en_GB\/wp-json\/wp\/v2\/comments?post=7601"}],"version-history":[{"count":71,"href":"https:\/\/remediiprosanatate.ro\/en_GB\/wp-json\/wp\/v2\/pages\/7601\/revisions"}],"predecessor-version":[{"id":7758,"href":"https:\/\/remediiprosanatate.ro\/en_GB\/wp-json\/wp\/v2\/pages\/7601\/revisions\/7758"}],"wp:attachment":[{"href":"https:\/\/remediiprosanatate.ro\/en_GB\/wp-json\/wp\/v2\/media?parent=7601"}],"curies":[{"name":"wp","href":"https:\/\/api.w.org\/{rel}","templated":true}]}}